{"id":116,"date":"2023-10-05T16:49:09","date_gmt":"2023-10-05T14:49:09","guid":{"rendered":"https:\/\/test.itesys.it\/?page_id=116"},"modified":"2023-10-05T17:01:56","modified_gmt":"2023-10-05T15:01:56","slug":"modulistica","status":"publish","type":"page","link":"https:\/\/test.itesys.it\/index.php\/modulistica\/","title":{"rendered":"Modulistica"},"content":{"rendered":"\n<p>REGISTRAZIONE<\/p>\n\n\n\n<p><strong>LAR: Lettera Assunzione di Responsabilit\u00e0<\/strong>:<br>LAR persone fisiche  <a href=\"https:\/\/test.itesys.it\/wp-content\/uploads\/2023\/10\/lar_pf.rtf\">=><\/a><br>LAR altri soggetti diversi dalle persone fisiche <a href=\"https:\/\/test.itesys.it\/wp-content\/uploads\/2023\/10\/lar_altri.rtf\">=><\/a><br>Registrazione altri domini societ\u00e0 <a href=\"https:\/\/test.itesys.it\/wp-content\/uploads\/2023\/10\/registrazionealtri.rtf\">=><\/a><br>Registrazione altri domini persone fisiche <a href=\"https:\/\/test.itesys.it\/wp-content\/uploads\/2023\/10\/registrazionepf.rtf\">=><\/a><br><br><strong>TRASFERIMENTO<\/strong><br>Cambio Mantainer .it privati <a href=\"https:\/\/test.itesys.it\/wp-content\/uploads\/2023\/10\/modificaMNT_pf.rtf\">=><\/a><br>Cambio Mantainer .it societ\u00e0 <a href=\"https:\/\/test.itesys.it\/wp-content\/uploads\/2023\/10\/modificaMNT_altri.rtf\">=><\/a><br>Cambio Mantainer Altri Persone Fisiche =><br>Cambio Mantainer Altri societ\u00e0 <a href=\"https:\/\/test.itesys.it\/wp-content\/uploads\/2023\/10\/CAmbioAltri_societa.rtf\">=><\/a><br>Cambio Registrante .it tra persone fisiche <a href=\"https:\/\/test.itesys.it\/wp-content\/uploads\/2023\/10\/modificaRegistrante_pfpf.rtf\">=><\/a><br>Cambio Registrante .it persone fisiche societ\u00e0 <a href=\"https:\/\/test.itesys.it\/wp-content\/uploads\/2023\/10\/modificaRegistrante_pfaltri.rtf\">=><\/a><br>Cambio Registrante .it tra societ\u00e0 <a href=\"https:\/\/test.itesys.it\/wp-content\/uploads\/2023\/10\/modificaRegistrante_altrialtri.rtf\">=><\/a><br>Cambio Registrante .it societ\u00e0 persone fisiche <a href=\"https:\/\/test.itesys.it\/wp-content\/uploads\/2023\/10\/modificaRegistrante_altripf.rtf\">=><\/a><\/p>\n","protected":false},"excerpt":{"rendered":"<p>REGISTRAZIONE LAR: Lettera Assunzione di Responsabilit\u00e0:LAR persone fisiche =>LAR altri soggetti diversi dalle persone fisiche =>Registrazione altri domini societ\u00e0 =>Registrazione altri domini persone fisiche => TRASFERIMENTOCambio Mantainer .it privati =>Cambio Mantainer .it societ\u00e0 =>Cambio Mantainer Altri Persone Fisiche =>Cambio Mantainer Altri societ\u00e0 =>Cambio Registrante .it tra persone fisiche =>Cambio Registrante .it persone fisiche societ\u00e0 =>Cambio&#8230;<\/p>\n","protected":false},"author":1,"featured_media":50,"parent":0,"menu_order":0,"comment_status":"closed","ping_status":"closed","template":"","meta":{"footnotes":""},"jetpack_sharing_enabled":true,"_links":{"self":[{"href":"https:\/\/test.itesys.it\/index.php\/wp-json\/wp\/v2\/pages\/116"}],"collection":[{"href":"https:\/\/test.itesys.it\/index.php\/wp-json\/wp\/v2\/pages"}],"about":[{"href":"https:\/\/test.itesys.it\/index.php\/wp-json\/wp\/v2\/types\/page"}],"author":[{"embeddable":true,"href":"https:\/\/test.itesys.it\/index.php\/wp-json\/wp\/v2\/users\/1"}],"replies":[{"embeddable":true,"href":"https:\/\/test.itesys.it\/index.php\/wp-json\/wp\/v2\/comments?post=116"}],"version-history":[{"count":3,"href":"https:\/\/test.itesys.it\/index.php\/wp-json\/wp\/v2\/pages\/116\/revisions"}],"predecessor-version":[{"id":130,"href":"https:\/\/test.itesys.it\/index.php\/wp-json\/wp\/v2\/pages\/116\/revisions\/130"}],"wp:featuredmedia":[{"embeddable":true,"href":"https:\/\/test.itesys.it\/index.php\/wp-json\/wp\/v2\/media\/50"}],"wp:attachment":[{"href":"https:\/\/test.itesys.it\/index.php\/wp-json\/wp\/v2\/media?parent=116"}],"curies":[{"name":"wp","href":"https:\/\/api.w.org\/{rel}","templated":true}]}}