{"id":150,"date":"2023-10-17T19:04:54","date_gmt":"2023-10-17T17:04:54","guid":{"rendered":"https:\/\/test.itesys.it\/?page_id=150"},"modified":"2023-10-17T19:04:54","modified_gmt":"2023-10-17T17:04:54","slug":"privacy","status":"publish","type":"page","link":"https:\/\/test.itesys.it\/index.php\/privacy\/","title":{"rendered":"Privacy"},"content":{"rendered":"\n<p><strong>Informativa sulla privacy<\/strong><\/p>\n\n\n\n<p>Informativa di Itesys Srl sulla Privacy ai sensi del Decreto legislativo 30 giugno 2003, n. 196 &#8211; Codice in materia di protezione dei dati personali<\/p>\n\n\n\n<p>Gentile Cliente, La informiamo che per le finalit\u00e0 connesse alla fornitura del Servizio, ITESYS srl con sede in Catania, Via Costanza D\u2019aragona 8, esegue il trattamento dei dati da Lei forniti, o comunque acquisiti in sede di esecuzione del Servizio.<\/p>\n\n\n\n<p>Il titolare del trattamento \u00e8 ITESYS srl nella persona del legale rappresentante pro tempore.<\/p>\n\n\n\n<p>L\u2019elenco dei responsabili al trattamento dei dati personali e dei terzi destinatari di comunicazioni \u00e8 disponibile presso gli uffici di ITESYS srl<\/p>\n\n\n\n<p>Il trattamento dei dati avviene con procedure idonee a tutelare la riservatezza dell\u2019Utente e consiste nella loro raccolta, registrazione, organizzazione, conservazione, elaborazione, modificazione, selezione, estrazione, raffronto, utilizzo, interconnessione, blocco, comunicazione, diffusione, cancellazione, distruzione degli stessi comprese la combinazione di due o pi\u00f9 delle attivit\u00e0 suddette.<\/p>\n\n\n\n<p>Il trattamento dei dati, oltre alle finalit\u00e0 connesse, strumentali e necessarie alla fornitura del Servizio sar\u00e0 finalizzato a:<\/p>\n\n\n\n<p>a) comunicare i dati a Societ\u00e0 che svolgono funzioni necessarie o strumentali all&#8217;operativit\u00e0 del Servizio e\/o gestiscono banche dati finalizzate alla tutela dei rischi del credito e accessibili anche a Societ\u00e0 terze;<\/p>\n\n\n\n<p>b) raccogliere dati ed informazioni in via generale e particolare sugli orientamenti e le preferenze dell\u2019Utente; inviare informazioni ed offerte commerciali, anche di terzi; inviare materiale pubblicitario e informativo; effettuare comunicazioni commerciali, anche interattive; compiere attivit\u00e0 dirette di vendita o di collocamento di prodotti o servizi; elaborare studi e ricerche statistiche su vendite, clienti e altre informazioni, ed eventualmente comunicare le stesse a terze parti; cedere a terzi i dati raccolti ed elaborati a fini commerciali anche per la vendita o tentata vendita, ovvero per tutte quelle finalit\u00e0 a carattere commerciale e\/o statistico lecite; Il conferimento del consenso al trattamento dei propri dati personali da parte dell\u2019Utente \u00e8 facoltativo. In caso di rifiuto del trattamento dei dati personali di cui alla lettera b) il trattamento sar\u00e0 limitato all\u2019integrale esecuzione degli obblighi derivanti dalla fornitura del Servizio, nonch\u00e9 all\u2019adempimento degli obblighi previsti da leggi, regolamenti e normativa comunitaria. In caso di rifiuto del trattamento dei dati personali di cui alla lettera a) la Societ\u00e0 non potr\u00e0 fornire il Servizio.<\/p>\n\n\n\n<p>Il trattamento dei dati dell\u2019Utente per le finalit\u00e0 sopraindicate avr\u00e0 luogo prevalentemente con modalit\u00e0 automatizzate ed informatizzate, sempre nel rispetto delle regole di riservatezza e di sicurezza previste dalla legge. I dati saranno conservati per i termini di legge presso ITESYS e trattati da parte di dipendenti e\/o professionisti da questa incaricati, i quali svolgono le suddette attivit\u00e0 sotto la sua diretta supervisione e responsabilit\u00e0. A tal fine, i dati comunicati dall\u2019Utente potranno essere trasmessi a soggetti esterni che svolgono funzioni strettamente connesse e strumentali all\u2019operativit\u00e0 del Servizio.La informiamo, inoltre, che, ai sensi dell\u2019art. 7 del D. Lgs. 30 giugno 2003, n. 196, il Cliente ha il diritto di opporsi, in tutto o in parte, per motivi legittimi, al trattamento e pu\u00f2, secondo le modalit\u00e0 e nei limiti previsti dalla vigente normativa, richiedere la conferma dell\u2019esistenza di dati personali che lo riguardano, e conoscerne l\u2019origine, riceverne comunicazione intelligibile, avere informazioni circa la logica, le modalit\u00e0 e le finalit\u00e0 del trattamento, richiederne l\u2019aggiornamento, la rettifica, l\u2019integrazione, richiedere la cancellazione, la trasformazione in forma anonima, il blocco dei dati trattati in violazione di legge, ivi compresi quelli non pi\u00f9 necessari al perseguimento degli scopi per i quali sono stati raccolti, nonch\u00e9, pi\u00f9 in generale, esercitare tutti i diritti che gli sono riconosciuti dalle vigenti disposizioni di legge.<\/p>\n","protected":false},"excerpt":{"rendered":"<p>Informativa sulla privacy Informativa di Itesys Srl sulla Privacy ai sensi del Decreto legislativo 30 giugno 2003, n. 196 &#8211; Codice in materia di protezione dei dati personali Gentile Cliente, La informiamo che per le finalit\u00e0 connesse alla fornitura del Servizio, ITESYS srl con sede in Catania, Via Costanza D\u2019aragona 8, esegue il trattamento dei&#8230;<\/p>\n","protected":false},"author":1,"featured_media":0,"parent":0,"menu_order":0,"comment_status":"closed","ping_status":"closed","template":"","meta":{"footnotes":""},"jetpack_sharing_enabled":true,"_links":{"self":[{"href":"https:\/\/test.itesys.it\/index.php\/wp-json\/wp\/v2\/pages\/150"}],"collection":[{"href":"https:\/\/test.itesys.it\/index.php\/wp-json\/wp\/v2\/pages"}],"about":[{"href":"https:\/\/test.itesys.it\/index.php\/wp-json\/wp\/v2\/types\/page"}],"author":[{"embeddable":true,"href":"https:\/\/test.itesys.it\/index.php\/wp-json\/wp\/v2\/users\/1"}],"replies":[{"embeddable":true,"href":"https:\/\/test.itesys.it\/index.php\/wp-json\/wp\/v2\/comments?post=150"}],"version-history":[{"count":1,"href":"https:\/\/test.itesys.it\/index.php\/wp-json\/wp\/v2\/pages\/150\/revisions"}],"predecessor-version":[{"id":151,"href":"https:\/\/test.itesys.it\/index.php\/wp-json\/wp\/v2\/pages\/150\/revisions\/151"}],"wp:attachment":[{"href":"https:\/\/test.itesys.it\/index.php\/wp-json\/wp\/v2\/media?parent=150"}],"curies":[{"name":"wp","href":"https:\/\/api.w.org\/{rel}","templated":true}]}}