{"id":7,"date":"2023-03-09T09:08:15","date_gmt":"2023-03-09T08:08:15","guid":{"rendered":"https:\/\/test.itesys.it\/?page_id=7"},"modified":"2023-08-30T17:28:02","modified_gmt":"2023-08-30T15:28:02","slug":"azienda","status":"publish","type":"page","link":"https:\/\/test.itesys.it\/index.php\/azienda\/","title":{"rendered":"Azienda"},"content":{"rendered":"\n<p><strong>Un&#8217;idea imprenditoriale<\/strong><\/p>\n\n\n\n<p>\u00a0\u00a0\u00a0ITESYS\u00a0nasce nel Giugno del 2001 come societa&#8217; di consulenza e progettazione di reti integrate voce\/dati. L&#8217;idea che ha guidato la nascita di\u00a0ITESYS\u00a0\u00e8 stata quella di fornire una societa&#8217; indipendente di servizi per la configurazione e la progettazione di reti LAN\/WAN e sistemi informativi.<br><br>\u00a0 ITESYS fornisce consulenza e outsourcing scegliendo il meglio delle soluzioni presenti sul mercato, ed e&#8217; in grado di offrire soluzioni a 360\u00b0 per tutto cio&#8217; che coinvolge networking, LAN\/WAN, security, VoIP e i sistemi informativi web-based e Internet come ASP based WEB application su reti server tradizionali o NAS, SAN.<br><br>\u00a0 ITESYS fornisce anche servizi di Virtual Housing su Cloud, Managed Housing, e&#8217; REGISTRAR presso il NIC per la registrazione domini, e&#8217; costruttore autorizzato di apparati PBX su IP, e&#8217; operatore telefonico di servizi nomadici, e&#8217; operatore wholesale di connettivita Internet &#8216; XDSL\/fibra ottica.<\/p>\n\n\n\n<p><strong>Integrazione e partnership<\/strong><\/p>\n\n\n\n<p>\u00a0 La\u00a0ITESYS s.r.l.\u00a0\u00e8 nata dall&#8217;incontro di professionisti con conoscenze tecniche eterogenee, nell&#8217;ottica di fornire alla clientela un servizio quanto pi\u00f9 completo possibile.<br>\u00a0\u00a0 Il fattore umano \u00e8 ci\u00f2 che fa della ITESYS il partner vincente nel potenziamento a 360\u00b0 del proprio sistema informativo. Abbiamo infatti guadagnato la fiducia dei nostri clienti perch\u00e9 ci avvaliamo di un team di persone affiatate, pronte a risolvere con tempestivit\u00e0 ogni tipo di difficolt\u00e0 hardware e software.<br>\u00a0\u00a0 Il nostro personale vanta di pluriennale esperienza documentata\u00a0 ed e&#8217; l&#8217;ideale per affrontare problematiche mission critical quali interventi su nodi Internet (MIX\/NAP\/Fibra etc.) e per i servizi agli ISP e WISP.<br><\/p>\n\n\n\n<p><strong>Un&#8217;offerta completa<\/strong><\/p>\n\n\n\n<p>Consulenza informatica e manageriale, system integration,\u00a0<a href=\"https:\/\/test.itesys.it\/index.php\/soluzioni\/\" data-type=\"page\" data-id=\"9\">progettazione e realizzazione di reti dati\/voce<\/a>, facilities management, business continuity, data &amp; business security, pc management, servizi online, web design, ASP, e-business, formazione.<br>Uno degli elementi di forza di ITESYS \u00e8 la capacit\u00e0 di partnership verso il cliente, per condividere strategie, progetti, risultati. Per le pubbliche amministrazioni partnership verso l&#8217;e-government, per le imprese partnership verso l&#8217;e-enterprise.<\/p>\n\n\n\n<p><br><strong>Una conoscenza profonda di tutti i settori di mercato<\/strong><\/p>\n\n\n\n<p>Telecomunicazioni, industria e servizi, banche e finanza, trasporti e turismo, pubblica amministrazione centrale e locale: ITESYS conosce a fondo le esigenze, le dinamiche e i problemi di tutti i principali settori di mercato.<\/p>\n\n\n\n<p><strong>Ricerca e sviluppo<\/strong><\/p>\n\n\n\n<p>ITESYS \u00e8 impegnata in un lavoro costante di ricerca e sviluppo sulle pi\u00f9 nuove tecnologie internet: VoiceOverIP,\u00a0IPV6, Streaming, Security.<\/p>\n\n\n\n<p>ITESYS \u00e8 una societ\u00e0, con sedi in Catania e Padova, specializzata nell&#8217;erogazione di Servizi e Consulenza per la gestione dei Sistemi Informativi. Tra le sue attivit\u00e0 rientrano lo sviluppo di reti Internet Intranet\/Extranet, servizi di Outsourcing e di Supporto Sistemistico, pacchettizzati secondo le specifiche esigenze\/opportunit\u00e0 di Piccole, Medie e Grandi Imprese.<\/p>\n","protected":false},"excerpt":{"rendered":"<p>Un&#8217;idea imprenditoriale \u00a0\u00a0\u00a0ITESYS\u00a0nasce nel Giugno del 2001 come societa&#8217; di consulenza e progettazione di reti integrate voce\/dati. L&#8217;idea che ha guidato la nascita di\u00a0ITESYS\u00a0\u00e8 stata quella di fornire una societa&#8217; indipendente di servizi per la configurazione e la progettazione di reti LAN\/WAN e sistemi informativi. \u00a0 ITESYS fornisce consulenza e outsourcing scegliendo il meglio delle&#8230;<\/p>\n","protected":false},"author":1,"featured_media":0,"parent":0,"menu_order":0,"comment_status":"closed","ping_status":"closed","template":"","meta":{"footnotes":""},"jetpack_sharing_enabled":true,"_links":{"self":[{"href":"https:\/\/test.itesys.it\/index.php\/wp-json\/wp\/v2\/pages\/7"}],"collection":[{"href":"https:\/\/test.itesys.it\/index.php\/wp-json\/wp\/v2\/pages"}],"about":[{"href":"https:\/\/test.itesys.it\/index.php\/wp-json\/wp\/v2\/types\/page"}],"author":[{"embeddable":true,"href":"https:\/\/test.itesys.it\/index.php\/wp-json\/wp\/v2\/users\/1"}],"replies":[{"embeddable":true,"href":"https:\/\/test.itesys.it\/index.php\/wp-json\/wp\/v2\/comments?post=7"}],"version-history":[{"count":2,"href":"https:\/\/test.itesys.it\/index.php\/wp-json\/wp\/v2\/pages\/7\/revisions"}],"predecessor-version":[{"id":98,"href":"https:\/\/test.itesys.it\/index.php\/wp-json\/wp\/v2\/pages\/7\/revisions\/98"}],"wp:attachment":[{"href":"https:\/\/test.itesys.it\/index.php\/wp-json\/wp\/v2\/media?parent=7"}],"curies":[{"name":"wp","href":"https:\/\/api.w.org\/{rel}","templated":true}]}}